{"id":1064,"date":"2019-01-29T15:06:06","date_gmt":"2019-01-29T15:06:06","guid":{"rendered":"http:\/\/www.nicdarkthemes.com\/themes\/restaurant\/wp\/demo\/restaurant\/?page_id=1064"},"modified":"2025-05-23T14:21:13","modified_gmt":"2025-05-23T12:21:13","slug":"kontakt","status":"publish","type":"page","link":"https:\/\/trattoriacyklop.pl\/en\/contact\/","title":{"rendered":"Contact"},"content":{"rendered":"<div class=\"wpb-content-wrapper\"><div class=\"vc_row wpb_row vc_row-fluid vc_custom_1476343737841\"><div class=\"wpb_column vc_column_container vc_col-sm-8\"><div class=\"vc_column-inner\"><div class=\"wpb_wrapper\"> <h2 style=\"color:#4e585f;padding:px;text-align:;font-size:70px;line-height:70px;letter-spacing: 0px;font-weight:normal\" class=\"nd_options_third_font\">Contact form<\/h2>  <h1 style=\"color:#7e7e7e;padding:px;text-align:;font-size:50px;line-height:50px;letter-spacing: 2px;font-weight:lighter\" class=\"nd_options_font_size_40_important_all_iphone nd_options_first_font\">WRITE TO US<\/h1> <div style=\"background-color:;height: 79px\" class=\"nicdark_section\"><\/div>\n\t<div class=\"wpb_text_column wpb_content_element\" >\n\t\t<div class=\"wpb_wrapper\">\n\t\t\t<p>Feel free to contact us, we will answer your questions as soon as possible.<\/p>\n<p>Reservations are accepted ONLY by telephone.<\/p>\n\n\t\t<\/div>\n\t<\/div>\n<div style=\"background-color:;height: 48px\" class=\"nicdark_section\"><\/div>\n\n    <!--start form-->\n    <div id=\"nd_options_shortcode_cf7_1073\" class=\"nd_options_section\">\n      \n      <div class=\"nd_options_section nd_options_box_sizing_border_box\">\n        \n<div class=\"wpcf7 no-js\" id=\"wpcf7-f1073-o1\" lang=\"en-US\" dir=\"ltr\">\n<div class=\"screen-reader-response\"><p role=\"status\" aria-live=\"polite\" aria-atomic=\"true\"><\/p> <ul><\/ul><\/div>\n<form action=\"\/wp-json\/wp\/v2\/pages\/1064\" method=\"post\" class=\"wpcf7-form init\" aria-label=\"Contact form\" novalidate=\"novalidate\" data-status=\"init\" data-trp-original-action=\"\/en\/wp-json\/wp\/v2\/pages\/1064#wpcf7-f1073-o1\">\n<input type=\"hidden\" name=\"_wpcf7\" value=\"1073\" \/><input type=\"hidden\" name=\"_wpcf7_version\" value=\"6.1.5\" \/><input type=\"hidden\" name=\"_wpcf7_locale\" value=\"en_US\" \/><input type=\"hidden\" name=\"_wpcf7_unit_tag\" value=\"wpcf7-f1073-o1\" \/><input type=\"hidden\" name=\"_wpcf7_container_post\" value=\"0\" \/><input type=\"hidden\" name=\"_wpcf7_posted_data_hash\" value=\"\" \/>\n\n<div class=\"nd_options_float_left nd_options_box_sizing_border_box nd_options_width_100_percentage_all_iphone_important nd_options_padding_0_right_important_all_iphone nd_options_padding_0_left_important_all_iphone\" style=\"padding: 0px 10px 15px 0px;width:100%\"><span class=\"wpcf7-form-control-wrap\" data-name=\"name-form\"><\/span><\/div><div class=\"nd_options_float_left nd_options_box_sizing_border_box nd_options_width_100_percentage_all_iphone_important nd_options_padding_0_right_important_all_iphone nd_options_padding_0_left_important_all_iphone\" style=\"padding: 0px 10px 15px 0px;width:100%\"><span class=\"wpcf7-form-control-wrap\" data-name=\"email\"><\/span><\/div><div class=\"nd_options_float_left nd_options_box_sizing_border_box nd_options_width_100_percentage_all_iphone_important nd_options_padding_0_right_important_all_iphone nd_options_padding_0_left_important_all_iphone\" style=\"padding: 0px 10px 15px 0px;width:100%\"><span class=\"wpcf7-form-control-wrap\" data-name=\"message\"><textarea cols=\"40\" rows=\"8\" class=\"wpcf7-form-control wpcf7-textarea\" name=\"message\"><\/textarea><\/span><\/div><br \/>\n<div class=\"nd_options_float_left nd_options_box_sizing_border_box nd_options_width_100_percentage_all_iphone_important nd_options_padding_0_right_important_all_iphone nd_options_padding_0_left_important_all_iphone\" style=\"padding: 0px 10px 15px 0px;width:100%\"><span class=\"wpcf7-form-control-wrap\" data-name=\"acceptance-487\"><span class=\"wpcf7-form-control wpcf7-acceptance\"><span class=\"wpcf7-list-item\"><label><span class=\"wpcf7-list-item-label\">I accept the privacy policy<\/span><\/label><\/span><\/span><\/span><\/div><br \/>\n<div class=\"nd_options_float_left nd_options_box_sizing_border_box nd_options_width_100_percentage_all_iphone_important nd_options_padding_0_right_important_all_iphone nd_options_padding_0_left_important_all_iphone\" style=\"padding: 0px 0px 0px 0px;width:100%\"><\/div><div class=\"wpcf7-response-output\" aria-hidden=\"true\"><\/div>\n<input type=\"hidden\" name=\"trp-form-language\" value=\"en\"\/><\/form>\n<\/div>\n \n      <\/div>  \n\n    <\/div>\n    <!--end form-->\n\n   <div style=\"background-color:;height: 20px\" class=\"nicdark_section\"><\/div><\/div><\/div><\/div><div class=\"wpb_column vc_column_container vc_col-sm-4\"><div class=\"vc_column-inner\"><div class=\"wpb_wrapper\"><div class=\"vc_row wpb_row vc_inner vc_row-fluid vc_custom_1595661774257\"><div class=\"wpb_column vc_column_container vc_col-sm-12 vc_col-has-fill\"><div class=\"vc_column-inner vc_custom_1595661754204\"><div class=\"wpb_wrapper\"><div style=\"background-color:;height: 100px\" class=\"nicdark_section\"><\/div> <h3 style=\"color:#ffffff;padding:px;text-align:center;font-size:20px;line-height:20px;letter-spacing: 2px;font-weight:bold\" class=\"nd_options_first_font\">INVITES<\/h3> <div style=\"background-color:;height: 25px\" class=\"nicdark_section\"><\/div> <p style=\"color:#ffffff;padding:px;text-align:center;font-size:px;line-height:px;letter-spacing: px;font-weight:normal\" class=\"nd_options_first_font\">Bo\u017cego Cia\u0142a 7, 31-059 Krak\u00f3w<\/p>  <p style=\"color:#ffffff;padding:px;text-align:center;font-size:px;line-height:px;letter-spacing: px;font-weight:normal\" class=\"nd_options_first_font\">biuro@trattoriacyklop.pl<\/p>  <p style=\"color:#ffffff;padding:px;text-align:center;font-size:px;line-height:px;letter-spacing: px;font-weight:normal\" class=\"mobilephone nd_options_first_font\">+48 735 07 62 67<\/p>  <p style=\"color:#ffffff;padding:px;text-align:center;font-size:px;line-height:px;letter-spacing: px;font-weight:normal\" class=\"mobilephone nd_options_first_font\"><\/p> <div style=\"background-color:;height: 100px\" class=\"nicdark_section\"><\/div><\/div><\/div><\/div><\/div><div class=\"vc_row wpb_row vc_inner vc_row-fluid\"><div class=\"nd_options_padding_20_first_div_important_all_iphone wpb_column vc_column_container vc_col-sm-12 vc_col-has-fill\"><div class=\"vc_column-inner vc_custom_1595661889984\"><div class=\"wpb_wrapper\"><div style=\"background-color:;height: 30px\" class=\"nicdark_section\"><\/div><\/div><\/div><\/div><\/div><div class=\"vc_row wpb_row vc_inner vc_row-fluid vc_custom_1595661815330\"><div class=\"nd_options_padding_20_first_div_important_all_iphone wpb_column vc_column_container vc_col-sm-12 vc_col-has-fill\"><div class=\"vc_column-inner vc_custom_1595005483123\"><div class=\"wpb_wrapper\"><div style=\"background-color:;height: 60px\" class=\"nicdark_section\"><\/div> <h3 style=\"color:#ffffff;padding:px;text-align:center;font-size:20px;line-height:20px;letter-spacing: 2px;font-weight:bold\" class=\"nd_options_first_font\">OPENING HOURS<\/h3> <div style=\"background-color:;height: 20px\" class=\"nicdark_section\"><\/div>\n\n\n  <div class=\"nd_options_section badge_timing nd_options_display_table\">\n    <div class=\"nd_options_display_table_cell nd_options_vertical_align_middle nd_options_width_50_percentage nd_options_text_align_left nd_options_padding_10 nd_options_box_sizing_border_box\">\n      <p class=\"nd_options_second_font nd_options_margin_0 nd_options_padding_0\" style=\"color:#ffffff\">PN<\/p>\n    <\/div>\n    <div class=\"nd_options_display_table_cell nd_options_vertical_align_middle nd_options_width_50_percentage nd_options_text_align_right nd_options_padding_10 nd_options_box_sizing_border_box\">\n      <p class=\"nd_options_second_font nd_options_margin_0 nd_options_padding_0\" style=\"color:#ffffff\">13:00 to 22:00<\/p>\n    <\/div>\n  <\/div>\n\n\n   \n\n\n  <div class=\"nd_options_section badge_timing nd_options_display_table\">\n    <div class=\"nd_options_display_table_cell nd_options_vertical_align_middle nd_options_width_50_percentage nd_options_text_align_left nd_options_padding_10 nd_options_box_sizing_border_box\">\n      <p class=\"nd_options_second_font nd_options_margin_0 nd_options_padding_0\" style=\"color:#ffffff\">WT<\/p>\n    <\/div>\n    <div class=\"nd_options_display_table_cell nd_options_vertical_align_middle nd_options_width_50_percentage nd_options_text_align_right nd_options_padding_10 nd_options_box_sizing_border_box\">\n      <p class=\"nd_options_second_font nd_options_margin_0 nd_options_padding_0\" style=\"color:#ffffff\">13:00 to 22:00<\/p>\n    <\/div>\n  <\/div>\n\n\n   \n\n\n  <div class=\"nd_options_section badge_timing nd_options_display_table\">\n    <div class=\"nd_options_display_table_cell nd_options_vertical_align_middle nd_options_width_50_percentage nd_options_text_align_left nd_options_padding_10 nd_options_box_sizing_border_box\">\n      <p class=\"nd_options_second_font nd_options_margin_0 nd_options_padding_0\" style=\"color:#ffffff\">\u00b6R<\/p>\n    <\/div>\n    <div class=\"nd_options_display_table_cell nd_options_vertical_align_middle nd_options_width_50_percentage nd_options_text_align_right nd_options_padding_10 nd_options_box_sizing_border_box\">\n      <p class=\"nd_options_second_font nd_options_margin_0 nd_options_padding_0\" style=\"color:#ffffff\">13:00 to 22:00<\/p>\n    <\/div>\n  <\/div>\n\n\n   \n\n\n  <div class=\"nd_options_section badge_timing nd_options_display_table\">\n    <div class=\"nd_options_display_table_cell nd_options_vertical_align_middle nd_options_width_50_percentage nd_options_text_align_left nd_options_padding_10 nd_options_box_sizing_border_box\">\n      <p class=\"nd_options_second_font nd_options_margin_0 nd_options_padding_0\" style=\"color:#ffffff\">CZ<\/p>\n    <\/div>\n    <div class=\"nd_options_display_table_cell nd_options_vertical_align_middle nd_options_width_50_percentage nd_options_text_align_right nd_options_padding_10 nd_options_box_sizing_border_box\">\n      <p class=\"nd_options_second_font nd_options_margin_0 nd_options_padding_0\" style=\"color:#ffffff\">13:00 to 22:00<\/p>\n    <\/div>\n  <\/div>\n\n\n   \n\n\n  <div class=\"nd_options_section badge_timing nd_options_display_table\">\n    <div class=\"nd_options_display_table_cell nd_options_vertical_align_middle nd_options_width_50_percentage nd_options_text_align_left nd_options_padding_10 nd_options_box_sizing_border_box\">\n      <p class=\"nd_options_second_font nd_options_margin_0 nd_options_padding_0\" style=\"color:#ffffff\">PT<\/p>\n    <\/div>\n    <div class=\"nd_options_display_table_cell nd_options_vertical_align_middle nd_options_width_50_percentage nd_options_text_align_right nd_options_padding_10 nd_options_box_sizing_border_box\">\n      <p class=\"nd_options_second_font nd_options_margin_0 nd_options_padding_0\" style=\"color:#ffffff\">12:00 to 23:00<\/p>\n    <\/div>\n  <\/div>\n\n\n   \n\n\n  <div class=\"nd_options_section badge_timing nd_options_display_table\">\n    <div class=\"nd_options_display_table_cell nd_options_vertical_align_middle nd_options_width_50_percentage nd_options_text_align_left nd_options_padding_10 nd_options_box_sizing_border_box\">\n      <p class=\"nd_options_second_font nd_options_margin_0 nd_options_padding_0\" style=\"color:#ffffff\">SB<\/p>\n    <\/div>\n    <div class=\"nd_options_display_table_cell nd_options_vertical_align_middle nd_options_width_50_percentage nd_options_text_align_right nd_options_padding_10 nd_options_box_sizing_border_box\">\n      <p class=\"nd_options_second_font nd_options_margin_0 nd_options_padding_0\" style=\"color:#ffffff\">12:00 to 23:00<\/p>\n    <\/div>\n  <\/div>\n\n\n   \n\n\n  <div class=\"nd_options_section badge_timing nd_options_display_table\">\n    <div class=\"nd_options_display_table_cell nd_options_vertical_align_middle nd_options_width_50_percentage nd_options_text_align_left nd_options_padding_10 nd_options_box_sizing_border_box\">\n      <p class=\"nd_options_second_font nd_options_margin_0 nd_options_padding_0\" style=\"color:#ffffff\">ND<\/p>\n    <\/div>\n    <div class=\"nd_options_display_table_cell nd_options_vertical_align_middle nd_options_width_50_percentage nd_options_text_align_right nd_options_padding_10 nd_options_box_sizing_border_box\">\n      <p class=\"nd_options_second_font nd_options_margin_0 nd_options_padding_0\" style=\"color:#ffffff\">12:00 to 22:00<\/p>\n    <\/div>\n  <\/div>\n\n\n   <div style=\"background-color:;height: 60px\" class=\"nicdark_section\"><\/div><\/div><\/div><\/div><\/div><div style=\"background-color:;height: 30px\" class=\"nicdark_section\"><\/div><\/div><\/div><\/div><\/div><div data-vc-full-width=\"true\" data-vc-full-width-init=\"false\" data-vc-stretch-content=\"true\" class=\"vc_row wpb_row vc_row-fluid vc_custom_1476114800174 vc_row-no-padding\"><div class=\"wpb_column vc_column_container vc_col-sm-12\"><div class=\"vc_column-inner\"><div class=\"wpb_wrapper\">\n\t<div class=\"wpb_raw_code wpb_raw_html wpb_content_element\" >\n\t\t<div class=\"wpb_wrapper\">\n\t\t\t<iframe src=\"https:\/\/www.google.com\/maps\/embed?pb=!1m14!1m8!1m3!1d10247.271642230435!2d19.935360892004407!3d50.05224227987115!3m2!1i1024!2i768!4f13.1!3m3!1m2!1s0x0%3A0x69d99a0e901ae570!2sTrattoria%20Cyklop!5e0!3m2!1spl!2spl!4v1618391011148!5m2!1spl!2spl\" width=\"100%\" height=\"460\" style=\"border:0;\" allowfullscreen=\"\" loading=\"lazy\"><\/iframe>\n\t\t<\/div>\n\t<\/div>\n<\/div><\/div><\/div><\/div><div class=\"vc_row-full-width vc_clearfix\"><\/div>\n<\/div>","protected":false},"excerpt":{"rendered":"Formularz kontaktowy NAPISZ DO NAS Zapraszamy do kontaktu, odpowiemy na Twoje pytania najszybciej jak b\u0119dzie to mo\u017cliwe. Rezerwacje przyjmujemy WY\u0141\u0104CZNIE telefonicznie. Akceptuj\u0119 polityk\u0119 prywatno\u015bci ZAPRASZAMY Bo\u017cego Cia\u0142a 7, 31-059 Krak\u00f3w biuro@trattoriacyklop.pl +48 735 07 62 67 GODZINY OTWARCIA PN 13:00 to 22:00 WT 13:00 to 22:00 \u015aR 13:00 to 22:00 CZ 13:00 to 22:00 PT [...]","protected":false},"author":1,"featured_media":0,"parent":0,"menu_order":0,"comment_status":"closed","ping_status":"closed","template":"","meta":{"footnotes":""},"class_list":["post-1064","page","type-page","status-publish","hentry"],"yoast_head":"<!-- This site is optimized with the Yoast SEO plugin v26.8 - https:\/\/yoast.com\/product\/yoast-seo-wordpress\/ -->\n<title>Kontakt &#8226; TRATTORIA CYKLOP<\/title>\n<meta name=\"robots\" content=\"index, follow, max-snippet:-1, max-image-preview:large, max-video-preview:-1\" \/>\n<link rel=\"canonical\" href=\"https:\/\/trattoriacyklop.pl\/en\/contact\/\" \/>\n<meta property=\"og:locale\" content=\"en_GB\" \/>\n<meta property=\"og:type\" content=\"article\" \/>\n<meta property=\"og:title\" content=\"Kontakt &#8226; TRATTORIA CYKLOP\" \/>\n<meta property=\"og:url\" content=\"https:\/\/trattoriacyklop.pl\/en\/contact\/\" \/>\n<meta property=\"og:site_name\" content=\"TRATTORIA CYKLOP\" \/>\n<meta property=\"article:publisher\" content=\"https:\/\/www.facebook.com\/trattoria.cyklop\/\" \/>\n<meta property=\"article:modified_time\" content=\"2025-05-23T12:21:13+00:00\" \/>\n<meta name=\"twitter:card\" content=\"summary_large_image\" \/>\n<meta name=\"twitter:label1\" content=\"Estimated reading time\" \/>\n\t<meta name=\"twitter:data1\" content=\"2 minutes\" \/>\n<script type=\"application\/ld+json\" class=\"yoast-schema-graph\">{\"@context\":\"https:\/\/schema.org\",\"@graph\":[{\"@type\":\"WebPage\",\"@id\":\"https:\/\/trattoriacyklop.pl\/kontakt\/\",\"url\":\"https:\/\/trattoriacyklop.pl\/kontakt\/\",\"name\":\"Kontakt &#8226; TRATTORIA CYKLOP\",\"isPartOf\":{\"@id\":\"https:\/\/trattoriacyklop.pl\/#website\"},\"datePublished\":\"2019-01-29T15:06:06+00:00\",\"dateModified\":\"2025-05-23T12:21:13+00:00\",\"breadcrumb\":{\"@id\":\"https:\/\/trattoriacyklop.pl\/kontakt\/#breadcrumb\"},\"inLanguage\":\"en-GB\",\"potentialAction\":[{\"@type\":\"ReadAction\",\"target\":[\"https:\/\/trattoriacyklop.pl\/kontakt\/\"]}]},{\"@type\":\"BreadcrumbList\",\"@id\":\"https:\/\/trattoriacyklop.pl\/kontakt\/#breadcrumb\",\"itemListElement\":[{\"@type\":\"ListItem\",\"position\":1,\"name\":\"Strona g\u0142\u00f3wna\",\"item\":\"https:\/\/trattoriacyklop.pl\/\"},{\"@type\":\"ListItem\",\"position\":2,\"name\":\"Kontakt\"}]},{\"@type\":\"WebSite\",\"@id\":\"https:\/\/trattoriacyklop.pl\/#website\",\"url\":\"https:\/\/trattoriacyklop.pl\/\",\"name\":\"TRATTORIA CYKLOP\",\"description\":\"\",\"publisher\":{\"@id\":\"https:\/\/trattoriacyklop.pl\/#organization\"},\"potentialAction\":[{\"@type\":\"SearchAction\",\"target\":{\"@type\":\"EntryPoint\",\"urlTemplate\":\"https:\/\/trattoriacyklop.pl\/?s={search_term_string}\"},\"query-input\":{\"@type\":\"PropertyValueSpecification\",\"valueRequired\":true,\"valueName\":\"search_term_string\"}}],\"inLanguage\":\"en-GB\"},{\"@type\":\"Organization\",\"@id\":\"https:\/\/trattoriacyklop.pl\/#organization\",\"name\":\"TRATTORIA CYKLOP\",\"url\":\"https:\/\/trattoriacyklop.pl\/\",\"logo\":{\"@type\":\"ImageObject\",\"inLanguage\":\"en-GB\",\"@id\":\"https:\/\/trattoriacyklop.pl\/#\/schema\/logo\/image\/\",\"url\":\"https:\/\/trattoriacyklop.pl\/wp-content\/uploads\/2020\/09\/cyklop-enter-mobil-logo.png\",\"contentUrl\":\"https:\/\/trattoriacyklop.pl\/wp-content\/uploads\/2020\/09\/cyklop-enter-mobil-logo.png\",\"width\":540,\"height\":540,\"caption\":\"TRATTORIA CYKLOP\"},\"image\":{\"@id\":\"https:\/\/trattoriacyklop.pl\/#\/schema\/logo\/image\/\"},\"sameAs\":[\"https:\/\/www.facebook.com\/trattoria.cyklop\/\",\"https:\/\/www.instagram.com\/trattoria_cyklop\/\"]}]}<\/script>\n<!-- \/ Yoast SEO plugin. -->","yoast_head_json":{"title":"Kontakt &#8226; TRATTORIA CYKLOP","robots":{"index":"index","follow":"follow","max-snippet":"max-snippet:-1","max-image-preview":"max-image-preview:large","max-video-preview":"max-video-preview:-1"},"canonical":"https:\/\/trattoriacyklop.pl\/en\/contact\/","og_locale":"en_GB","og_type":"article","og_title":"Kontakt &#8226; TRATTORIA CYKLOP","og_url":"https:\/\/trattoriacyklop.pl\/en\/contact\/","og_site_name":"TRATTORIA CYKLOP","article_publisher":"https:\/\/www.facebook.com\/trattoria.cyklop\/","article_modified_time":"2025-05-23T12:21:13+00:00","twitter_card":"summary_large_image","twitter_misc":{"Estimated reading time":"2 minutes"},"schema":{"@context":"https:\/\/schema.org","@graph":[{"@type":"WebPage","@id":"https:\/\/trattoriacyklop.pl\/kontakt\/","url":"https:\/\/trattoriacyklop.pl\/kontakt\/","name":"Kontakt &#8226; TRATTORIA CYKLOP","isPartOf":{"@id":"https:\/\/trattoriacyklop.pl\/#website"},"datePublished":"2019-01-29T15:06:06+00:00","dateModified":"2025-05-23T12:21:13+00:00","breadcrumb":{"@id":"https:\/\/trattoriacyklop.pl\/kontakt\/#breadcrumb"},"inLanguage":"en-GB","potentialAction":[{"@type":"ReadAction","target":["https:\/\/trattoriacyklop.pl\/kontakt\/"]}]},{"@type":"BreadcrumbList","@id":"https:\/\/trattoriacyklop.pl\/kontakt\/#breadcrumb","itemListElement":[{"@type":"ListItem","position":1,"name":"Strona g\u0142\u00f3wna","item":"https:\/\/trattoriacyklop.pl\/"},{"@type":"ListItem","position":2,"name":"Kontakt"}]},{"@type":"WebSite","@id":"https:\/\/trattoriacyklop.pl\/#website","url":"https:\/\/trattoriacyklop.pl\/","name":"TRATTORIA CYKLOP","description":"","publisher":{"@id":"https:\/\/trattoriacyklop.pl\/#organization"},"potentialAction":[{"@type":"SearchAction","target":{"@type":"EntryPoint","urlTemplate":"https:\/\/trattoriacyklop.pl\/?s={search_term_string}"},"query-input":{"@type":"PropertyValueSpecification","valueRequired":true,"valueName":"search_term_string"}}],"inLanguage":"en-GB"},{"@type":"Organization","@id":"https:\/\/trattoriacyklop.pl\/#organization","name":"TRATTORIA CYKLOP","url":"https:\/\/trattoriacyklop.pl\/","logo":{"@type":"ImageObject","inLanguage":"en-GB","@id":"https:\/\/trattoriacyklop.pl\/#\/schema\/logo\/image\/","url":"https:\/\/trattoriacyklop.pl\/wp-content\/uploads\/2020\/09\/cyklop-enter-mobil-logo.png","contentUrl":"https:\/\/trattoriacyklop.pl\/wp-content\/uploads\/2020\/09\/cyklop-enter-mobil-logo.png","width":540,"height":540,"caption":"TRATTORIA CYKLOP"},"image":{"@id":"https:\/\/trattoriacyklop.pl\/#\/schema\/logo\/image\/"},"sameAs":["https:\/\/www.facebook.com\/trattoria.cyklop\/","https:\/\/www.instagram.com\/trattoria_cyklop\/"]}]}},"_links":{"self":[{"href":"https:\/\/trattoriacyklop.pl\/en\/wp-json\/wp\/v2\/pages\/1064","targetHints":{"allow":["GET"]}}],"collection":[{"href":"https:\/\/trattoriacyklop.pl\/en\/wp-json\/wp\/v2\/pages"}],"about":[{"href":"https:\/\/trattoriacyklop.pl\/en\/wp-json\/wp\/v2\/types\/page"}],"author":[{"embeddable":true,"href":"https:\/\/trattoriacyklop.pl\/en\/wp-json\/wp\/v2\/users\/1"}],"replies":[{"embeddable":true,"href":"https:\/\/trattoriacyklop.pl\/en\/wp-json\/wp\/v2\/comments?post=1064"}],"version-history":[{"count":35,"href":"https:\/\/trattoriacyklop.pl\/en\/wp-json\/wp\/v2\/pages\/1064\/revisions"}],"predecessor-version":[{"id":4037,"href":"https:\/\/trattoriacyklop.pl\/en\/wp-json\/wp\/v2\/pages\/1064\/revisions\/4037"}],"wp:attachment":[{"href":"https:\/\/trattoriacyklop.pl\/en\/wp-json\/wp\/v2\/media?parent=1064"}],"curies":[{"name":"wp","href":"https:\/\/api.w.org\/{rel}","templated":true}]}}