{"id":1548,"date":"2019-01-07T09:34:49","date_gmt":"2019-01-07T09:34:49","guid":{"rendered":"http:\/\/localhost\/cleanthemes\/ristorante-10\/?page_id=37"},"modified":"2020-09-17T03:20:22","modified_gmt":"2020-09-17T01:20:22","slug":"galeria","status":"publish","type":"page","link":"https:\/\/trattoriacyklop.pl\/en\/gallery-2\/","title":{"rendered":"Gallery"},"content":{"rendered":"<div class=\"wpb-content-wrapper\"><div class=\"vc_row wpb_row vc_row-fluid wpb_animate_when_almost_visible wpb_fadeIn fadeIn vc_custom_1596474605615 vc_row-o-equal-height vc_row-o-content-middle vc_row-flex\"><div class=\"wpb_column vc_column_container vc_col-sm-3 vc_hidden-sm vc_hidden-xs\"><div class=\"vc_column-inner\"><div class=\"wpb_wrapper\"><div style=\"background-color:;height: 30px\" class=\"nicdark_section\"><\/div> <p style=\"color:#7e7e7e;padding:px;text-align:;font-size:px;line-height:px;letter-spacing: 2px;font-weight:normal\" class=\"nd_options_text_align_center_responsive_important nd_options_second_font\">OUR PHOTOS<\/p> <div style=\"background-color:;height: 10px\" class=\"nicdark_section\"><\/div> <h2 style=\"color:#7e7e7e;padding:px;text-align:;font-size:36px;line-height:36px;letter-spacing: 0px;font-weight:normal\" class=\"nd_options_text_align_center_responsive_important nd_options_first_font\">Trattoria Cyclops<\/h2> <div style=\"background-color:;height: 15px\" class=\"nicdark_section\"><\/div> <h2 style=\"color:#7e7e7e;padding:px;text-align:;font-size:36px;line-height:36px;letter-spacing: 0px;font-weight:normal\" class=\"nd_options_text_align_center_responsive_important nd_options_first_font\">Dishes<\/h2> <div style=\"background-color:;height: 30px\" class=\"nicdark_section\"><\/div><\/div><\/div><\/div><div class=\"wpb_column vc_column_container vc_col-sm-9 vc_hidden-sm vc_hidden-xs\"><div class=\"vc_column-inner\"><div class=\"wpb_wrapper\">\n\t<div class=\"wpb_text_column wpb_content_element\" >\n\t\t<div class=\"wpb_wrapper\">\n\t\t\t<p>Experience the atmosphere of our interiors, a restaurant unique for a romantic rendezvous, but also ideal for a family dinner and child-friendly. Take a culinary journey through our dishes and seasonal specialities.<\/p>\n\n\t\t<\/div>\n\t<\/div>\n<\/div><\/div><\/div><\/div><div class=\"vc_row wpb_row vc_row-fluid wpb_animate_when_almost_visible wpb_fadeIn fadeIn vc_custom_1596474595847 vc_row-o-equal-height vc_row-o-content-middle vc_row-flex\"><div class=\"wpb_column vc_column_container vc_col-sm-3 vc_hidden-lg vc_hidden-md\"><div class=\"vc_column-inner\"><div class=\"wpb_wrapper\"><div style=\"background-color:;height: 30px\" class=\"nicdark_section\"><\/div> <p style=\"color:#7e7e7e;padding:px;text-align:;font-size:px;line-height:px;letter-spacing: 2px;font-weight:normal\" class=\"nd_options_text_align_center_responsive_important nd_options_second_font\">OUR PHOTOS<\/p> <div style=\"background-color:;height: 10px\" class=\"nicdark_section\"><\/div> <h2 style=\"color:#7e7e7e;padding:px;text-align:;font-size:36px;line-height:36px;letter-spacing: 0px;font-weight:normal\" class=\"nd_options_text_align_center_responsive_important nd_options_first_font\">Trattoria Cyclops<\/h2> <div style=\"background-color:;height: 15px\" class=\"nicdark_section\"><\/div> <h2 style=\"color:#7e7e7e;padding:px;text-align:;font-size:36px;line-height:36px;letter-spacing: 0px;font-weight:normal\" class=\"nd_options_text_align_center_responsive_important nd_options_first_font\">Dishes<\/h2> <div style=\"background-color:;height: 30px\" class=\"nicdark_section\"><\/div><\/div><\/div><\/div><div class=\"wpb_column vc_column_container vc_col-sm-9 vc_hidden-lg vc_hidden-md\"><div class=\"vc_column-inner\"><div class=\"wpb_wrapper\">\n\t<div class=\"wpb_text_column wpb_content_element\" >\n\t\t<div class=\"wpb_wrapper\">\n\t\t\t<p style=\"text-align: center;\">Experience the atmosphere of our interiors, a restaurant unique for a romantic rendezvous, but also ideal for a family dinner and child-friendly. Take a culinary journey through our dishes and seasonal specialities.<\/p>\n\n\t\t<\/div>\n\t<\/div>\n<\/div><\/div><\/div><\/div><div class=\"vc_row wpb_row vc_row-fluid wpb_animate_when_almost_visible wpb_fadeIn fadeIn\"><div class=\"wpb_column vc_column_container vc_col-sm-4 vc_hidden-sm vc_hidden-xs\"><div class=\"vc_column-inner vc_custom_1596474341285\"><div class=\"wpb_wrapper\">\n<div class=\"vc_grid-container-wrapper vc_clearfix vc_grid-animation-fadeIn\">\n\t<div class=\"vc_grid-container vc_clearfix wpb_content_element vc_media_grid vc_custom_1596131905382\" data-initial-loading-animation=\"fadeIn\" data-vc-grid-settings=\"{&quot;page_id&quot;:1548,&quot;style&quot;:&quot;all&quot;,&quot;action&quot;:&quot;vc_get_vc_grid_data&quot;,&quot;shortcode_id&quot;:&quot;1600305592711-d9ee644e-4968-4&quot;,&quot;tag&quot;:&quot;vc_media_grid&quot;}\" data-vc-request=\"https:\/\/trattoriacyklop.pl\/wp-admin\/admin-ajax.php\" data-vc-post-id=\"1548\" data-vc-public-nonce=\"a3bc1e438f\">\n\t\t\n\t<\/div>\n<\/div><\/div><\/div><\/div><div class=\"wpb_column vc_column_container vc_col-sm-4 vc_hidden-sm vc_hidden-xs\"><div class=\"vc_column-inner vc_custom_1596474348008\"><div class=\"wpb_wrapper\">\n<div class=\"vc_grid-container-wrapper vc_clearfix vc_grid-animation-fadeIn\">\n\t<div class=\"vc_grid-container vc_clearfix wpb_content_element vc_media_grid vc_custom_1596131917376\" data-initial-loading-animation=\"fadeIn\" data-vc-grid-settings=\"{&quot;page_id&quot;:1548,&quot;style&quot;:&quot;all&quot;,&quot;action&quot;:&quot;vc_get_vc_grid_data&quot;,&quot;shortcode_id&quot;:&quot;1600305592712-e9d55000-0d8a-9&quot;,&quot;tag&quot;:&quot;vc_media_grid&quot;}\" data-vc-request=\"https:\/\/trattoriacyklop.pl\/wp-admin\/admin-ajax.php\" data-vc-post-id=\"1548\" data-vc-public-nonce=\"a3bc1e438f\">\n\t\t\n\t<\/div>\n<\/div><\/div><\/div><\/div><div class=\"wpb_column vc_column_container vc_col-sm-4 vc_hidden-sm vc_hidden-xs\"><div class=\"vc_column-inner vc_custom_1596474354684\"><div class=\"wpb_wrapper\">\n<div class=\"vc_grid-container-wrapper vc_clearfix vc_grid-animation-fadeIn\">\n\t<div class=\"vc_grid-container vc_clearfix wpb_content_element vc_media_grid vc_custom_1596132265589\" data-initial-loading-animation=\"fadeIn\" data-vc-grid-settings=\"{&quot;page_id&quot;:1548,&quot;style&quot;:&quot;all&quot;,&quot;action&quot;:&quot;vc_get_vc_grid_data&quot;,&quot;shortcode_id&quot;:&quot;1600305592714-42a7f962-bb62-2&quot;,&quot;tag&quot;:&quot;vc_media_grid&quot;}\" data-vc-request=\"https:\/\/trattoriacyklop.pl\/wp-admin\/admin-ajax.php\" data-vc-post-id=\"1548\" data-vc-public-nonce=\"a3bc1e438f\">\n\t\t\n\t<\/div>\n<\/div><\/div><\/div><\/div><\/div><div class=\"vc_row wpb_row vc_row-fluid wpb_animate_when_almost_visible wpb_fadeIn fadeIn\"><div class=\"wpb_column vc_column_container vc_col-sm-4 vc_hidden-lg vc_hidden-md\"><div class=\"vc_column-inner vc_custom_1596474387109\"><div class=\"wpb_wrapper\">\n<div class=\"vc_grid-container-wrapper vc_clearfix vc_grid-animation-fadeIn\">\n\t<div class=\"vc_grid-container vc_clearfix wpb_content_element vc_media_grid\" data-initial-loading-animation=\"fadeIn\" data-vc-grid-settings=\"{&quot;page_id&quot;:1548,&quot;style&quot;:&quot;all&quot;,&quot;action&quot;:&quot;vc_get_vc_grid_data&quot;,&quot;shortcode_id&quot;:&quot;1600305592716-6fdf5016-ca5d-0&quot;,&quot;tag&quot;:&quot;vc_media_grid&quot;}\" data-vc-request=\"https:\/\/trattoriacyklop.pl\/wp-admin\/admin-ajax.php\" data-vc-post-id=\"1548\" data-vc-public-nonce=\"a3bc1e438f\">\n\t\t\n\t<\/div>\n<\/div><div class=\"vc_empty_space\"   style=\"height: 32px\"><span class=\"vc_empty_space_inner\"><\/span><\/div><\/div><\/div><\/div><div class=\"wpb_column vc_column_container vc_col-sm-4 vc_hidden-lg vc_hidden-md\"><div class=\"vc_column-inner vc_custom_1596474372509\"><div class=\"wpb_wrapper\">\n<div class=\"vc_grid-container-wrapper vc_clearfix vc_grid-animation-fadeIn\">\n\t<div class=\"vc_grid-container vc_clearfix wpb_content_element vc_media_grid\" data-initial-loading-animation=\"fadeIn\" data-vc-grid-settings=\"{&quot;page_id&quot;:1548,&quot;style&quot;:&quot;all&quot;,&quot;action&quot;:&quot;vc_get_vc_grid_data&quot;,&quot;shortcode_id&quot;:&quot;1600305592716-c0d779ba-0741-6&quot;,&quot;tag&quot;:&quot;vc_media_grid&quot;}\" data-vc-request=\"https:\/\/trattoriacyklop.pl\/wp-admin\/admin-ajax.php\" data-vc-post-id=\"1548\" data-vc-public-nonce=\"a3bc1e438f\">\n\t\t\n\t<\/div>\n<\/div><div class=\"vc_empty_space\"   style=\"height: 32px\"><span class=\"vc_empty_space_inner\"><\/span><\/div><\/div><\/div><\/div><div class=\"wpb_column vc_column_container vc_col-sm-4 vc_hidden-lg vc_hidden-md\"><div class=\"vc_column-inner vc_custom_1596474380127\"><div class=\"wpb_wrapper\">\n<div class=\"vc_grid-container-wrapper vc_clearfix vc_grid-animation-fadeIn\">\n\t<div class=\"vc_grid-container vc_clearfix wpb_content_element vc_media_grid\" data-initial-loading-animation=\"fadeIn\" data-vc-grid-settings=\"{&quot;page_id&quot;:1548,&quot;style&quot;:&quot;all&quot;,&quot;action&quot;:&quot;vc_get_vc_grid_data&quot;,&quot;shortcode_id&quot;:&quot;1600305592717-5a1a16a3-6d5a-3&quot;,&quot;tag&quot;:&quot;vc_media_grid&quot;}\" data-vc-request=\"https:\/\/trattoriacyklop.pl\/wp-admin\/admin-ajax.php\" data-vc-post-id=\"1548\" data-vc-public-nonce=\"a3bc1e438f\">\n\t\t\n\t<\/div>\n<\/div><\/div><\/div><\/div><\/div><div class=\"vc_row wpb_row vc_row-fluid\"><div class=\"wpb_column vc_column_container vc_col-sm-12\"><div class=\"vc_column-inner\"><div class=\"wpb_wrapper\"><div class=\"vc_empty_space\"   style=\"height: 96px\"><span class=\"vc_empty_space_inner\"><\/span><\/div><\/div><\/div><\/div><\/div>\n<\/div>","protected":false},"excerpt":{"rendered":"NASZE ZDJ\u0118CIA Trattoria Cyklop Dania Poznaj klimat naszych wn\u0119trz, restauracji wyj\u0105tkowej na romantyczne spotkanie, ale tak\u017ce idealne na rodzinny obiad i przyjazne dzieciom. Wybierz si\u0119 w kulinarn\u0105 podr\u00f3\u017c po naszych daniach i sezonowych specja\u0142ach. NASZE ZDJ\u0118CIA Trattoria Cyklop Dania Poznaj klimat naszych wn\u0119trz, restauracji wyj\u0105tkowej na romantyczne spotkanie, ale tak\u017ce idealne na rodzinny obiad i [...]","protected":false},"author":1,"featured_media":0,"parent":0,"menu_order":0,"comment_status":"closed","ping_status":"closed","template":"","meta":{"footnotes":""},"class_list":["post-1548","page","type-page","status-publish","hentry"],"yoast_head":"<!-- This site is optimized with the Yoast SEO plugin v26.8 - https:\/\/yoast.com\/product\/yoast-seo-wordpress\/ -->\n<title>Galeria &#8226; TRATTORIA CYKLOP<\/title>\n<meta name=\"robots\" content=\"index, follow, max-snippet:-1, max-image-preview:large, max-video-preview:-1\" \/>\n<link rel=\"canonical\" href=\"https:\/\/trattoriacyklop.pl\/en\/gallery-2\/\" \/>\n<meta property=\"og:locale\" content=\"en_GB\" \/>\n<meta property=\"og:type\" content=\"article\" \/>\n<meta property=\"og:title\" content=\"Galeria &#8226; TRATTORIA CYKLOP\" \/>\n<meta property=\"og:url\" content=\"https:\/\/trattoriacyklop.pl\/en\/gallery-2\/\" \/>\n<meta property=\"og:site_name\" content=\"TRATTORIA CYKLOP\" \/>\n<meta property=\"article:publisher\" content=\"https:\/\/www.facebook.com\/trattoria.cyklop\/\" \/>\n<meta property=\"article:modified_time\" content=\"2020-09-17T01:20:22+00:00\" \/>\n<meta name=\"twitter:card\" content=\"summary_large_image\" \/>\n<meta name=\"twitter:label1\" content=\"Estimated reading time\" \/>\n\t<meta name=\"twitter:data1\" content=\"5 minutes\" \/>\n<script type=\"application\/ld+json\" class=\"yoast-schema-graph\">{\"@context\":\"https:\/\/schema.org\",\"@graph\":[{\"@type\":\"WebPage\",\"@id\":\"https:\/\/trattoriacyklop.pl\/galeria\/\",\"url\":\"https:\/\/trattoriacyklop.pl\/galeria\/\",\"name\":\"Galeria &#8226; TRATTORIA CYKLOP\",\"isPartOf\":{\"@id\":\"https:\/\/trattoriacyklop.pl\/#website\"},\"datePublished\":\"2019-01-07T09:34:49+00:00\",\"dateModified\":\"2020-09-17T01:20:22+00:00\",\"breadcrumb\":{\"@id\":\"https:\/\/trattoriacyklop.pl\/galeria\/#breadcrumb\"},\"inLanguage\":\"en-GB\",\"potentialAction\":[{\"@type\":\"ReadAction\",\"target\":[\"https:\/\/trattoriacyklop.pl\/galeria\/\"]}]},{\"@type\":\"BreadcrumbList\",\"@id\":\"https:\/\/trattoriacyklop.pl\/galeria\/#breadcrumb\",\"itemListElement\":[{\"@type\":\"ListItem\",\"position\":1,\"name\":\"Strona g\u0142\u00f3wna\",\"item\":\"https:\/\/trattoriacyklop.pl\/\"},{\"@type\":\"ListItem\",\"position\":2,\"name\":\"Galeria\"}]},{\"@type\":\"WebSite\",\"@id\":\"https:\/\/trattoriacyklop.pl\/#website\",\"url\":\"https:\/\/trattoriacyklop.pl\/\",\"name\":\"TRATTORIA CYKLOP\",\"description\":\"\",\"publisher\":{\"@id\":\"https:\/\/trattoriacyklop.pl\/#organization\"},\"potentialAction\":[{\"@type\":\"SearchAction\",\"target\":{\"@type\":\"EntryPoint\",\"urlTemplate\":\"https:\/\/trattoriacyklop.pl\/?s={search_term_string}\"},\"query-input\":{\"@type\":\"PropertyValueSpecification\",\"valueRequired\":true,\"valueName\":\"search_term_string\"}}],\"inLanguage\":\"en-GB\"},{\"@type\":\"Organization\",\"@id\":\"https:\/\/trattoriacyklop.pl\/#organization\",\"name\":\"TRATTORIA CYKLOP\",\"url\":\"https:\/\/trattoriacyklop.pl\/\",\"logo\":{\"@type\":\"ImageObject\",\"inLanguage\":\"en-GB\",\"@id\":\"https:\/\/trattoriacyklop.pl\/#\/schema\/logo\/image\/\",\"url\":\"https:\/\/trattoriacyklop.pl\/wp-content\/uploads\/2020\/09\/cyklop-enter-mobil-logo.png\",\"contentUrl\":\"https:\/\/trattoriacyklop.pl\/wp-content\/uploads\/2020\/09\/cyklop-enter-mobil-logo.png\",\"width\":540,\"height\":540,\"caption\":\"TRATTORIA CYKLOP\"},\"image\":{\"@id\":\"https:\/\/trattoriacyklop.pl\/#\/schema\/logo\/image\/\"},\"sameAs\":[\"https:\/\/www.facebook.com\/trattoria.cyklop\/\",\"https:\/\/www.instagram.com\/trattoria_cyklop\/\"]}]}<\/script>\n<!-- \/ Yoast SEO plugin. -->","yoast_head_json":{"title":"Galeria &#8226; TRATTORIA CYKLOP","robots":{"index":"index","follow":"follow","max-snippet":"max-snippet:-1","max-image-preview":"max-image-preview:large","max-video-preview":"max-video-preview:-1"},"canonical":"https:\/\/trattoriacyklop.pl\/en\/gallery-2\/","og_locale":"en_GB","og_type":"article","og_title":"Galeria &#8226; TRATTORIA CYKLOP","og_url":"https:\/\/trattoriacyklop.pl\/en\/gallery-2\/","og_site_name":"TRATTORIA CYKLOP","article_publisher":"https:\/\/www.facebook.com\/trattoria.cyklop\/","article_modified_time":"2020-09-17T01:20:22+00:00","twitter_card":"summary_large_image","twitter_misc":{"Estimated reading time":"5 minutes"},"schema":{"@context":"https:\/\/schema.org","@graph":[{"@type":"WebPage","@id":"https:\/\/trattoriacyklop.pl\/galeria\/","url":"https:\/\/trattoriacyklop.pl\/galeria\/","name":"Galeria &#8226; TRATTORIA CYKLOP","isPartOf":{"@id":"https:\/\/trattoriacyklop.pl\/#website"},"datePublished":"2019-01-07T09:34:49+00:00","dateModified":"2020-09-17T01:20:22+00:00","breadcrumb":{"@id":"https:\/\/trattoriacyklop.pl\/galeria\/#breadcrumb"},"inLanguage":"en-GB","potentialAction":[{"@type":"ReadAction","target":["https:\/\/trattoriacyklop.pl\/galeria\/"]}]},{"@type":"BreadcrumbList","@id":"https:\/\/trattoriacyklop.pl\/galeria\/#breadcrumb","itemListElement":[{"@type":"ListItem","position":1,"name":"Strona g\u0142\u00f3wna","item":"https:\/\/trattoriacyklop.pl\/"},{"@type":"ListItem","position":2,"name":"Galeria"}]},{"@type":"WebSite","@id":"https:\/\/trattoriacyklop.pl\/#website","url":"https:\/\/trattoriacyklop.pl\/","name":"TRATTORIA CYKLOP","description":"","publisher":{"@id":"https:\/\/trattoriacyklop.pl\/#organization"},"potentialAction":[{"@type":"SearchAction","target":{"@type":"EntryPoint","urlTemplate":"https:\/\/trattoriacyklop.pl\/?s={search_term_string}"},"query-input":{"@type":"PropertyValueSpecification","valueRequired":true,"valueName":"search_term_string"}}],"inLanguage":"en-GB"},{"@type":"Organization","@id":"https:\/\/trattoriacyklop.pl\/#organization","name":"TRATTORIA CYKLOP","url":"https:\/\/trattoriacyklop.pl\/","logo":{"@type":"ImageObject","inLanguage":"en-GB","@id":"https:\/\/trattoriacyklop.pl\/#\/schema\/logo\/image\/","url":"https:\/\/trattoriacyklop.pl\/wp-content\/uploads\/2020\/09\/cyklop-enter-mobil-logo.png","contentUrl":"https:\/\/trattoriacyklop.pl\/wp-content\/uploads\/2020\/09\/cyklop-enter-mobil-logo.png","width":540,"height":540,"caption":"TRATTORIA CYKLOP"},"image":{"@id":"https:\/\/trattoriacyklop.pl\/#\/schema\/logo\/image\/"},"sameAs":["https:\/\/www.facebook.com\/trattoria.cyklop\/","https:\/\/www.instagram.com\/trattoria_cyklop\/"]}]}},"_links":{"self":[{"href":"https:\/\/trattoriacyklop.pl\/en\/wp-json\/wp\/v2\/pages\/1548","targetHints":{"allow":["GET"]}}],"collection":[{"href":"https:\/\/trattoriacyklop.pl\/en\/wp-json\/wp\/v2\/pages"}],"about":[{"href":"https:\/\/trattoriacyklop.pl\/en\/wp-json\/wp\/v2\/types\/page"}],"author":[{"embeddable":true,"href":"https:\/\/trattoriacyklop.pl\/en\/wp-json\/wp\/v2\/users\/1"}],"replies":[{"embeddable":true,"href":"https:\/\/trattoriacyklop.pl\/en\/wp-json\/wp\/v2\/comments?post=1548"}],"version-history":[{"count":53,"href":"https:\/\/trattoriacyklop.pl\/en\/wp-json\/wp\/v2\/pages\/1548\/revisions"}],"predecessor-version":[{"id":3744,"href":"https:\/\/trattoriacyklop.pl\/en\/wp-json\/wp\/v2\/pages\/1548\/revisions\/3744"}],"wp:attachment":[{"href":"https:\/\/trattoriacyklop.pl\/en\/wp-json\/wp\/v2\/media?parent=1548"}],"curies":[{"name":"wp","href":"https:\/\/api.w.org\/{rel}","templated":true}]}}